{"id":777,"date":"2024-01-04T12:27:59","date_gmt":"2024-01-04T12:27:59","guid":{"rendered":"https:\/\/wotechtheme.com\/wp\/wotech\/?page_id=777"},"modified":"2024-08-07T11:26:12","modified_gmt":"2024-08-07T11:26:12","slug":"chi-siamo","status":"publish","type":"page","link":"https:\/\/server4.keti-test.it\/pavtech\/chi-siamo\/","title":{"rendered":"Chi siamo"},"content":{"rendered":"\t\t<div data-elementor-type=\"wp-page\" data-elementor-id=\"777\" class=\"elementor elementor-777\">\n\t\t\t\t<div class=\"elementor-element elementor-element-a456836 e-flex e-con-boxed e-con e-parent\" data-id=\"a456836\" data-element_type=\"container\">\n\t\t\t\t\t<div class=\"e-con-inner\">\n\t\t\t\t<div class=\"elementor-element elementor-element-38f0266 elementor-widget elementor-widget-text-editor\" data-id=\"38f0266\" data-element_type=\"widget\" data-widget_type=\"text-editor.default\">\n\t\t\t\t<div class=\"elementor-widget-container\">\n\t\t\t<style>\/*! elementor - v3.22.0 - 26-06-2024 *\/\n.elementor-widget-text-editor.elementor-drop-cap-view-stacked .elementor-drop-cap{background-color:#69727d;color:#fff}.elementor-widget-text-editor.elementor-drop-cap-view-framed .elementor-drop-cap{color:#69727d;border:3px solid;background-color:transparent}.elementor-widget-text-editor:not(.elementor-drop-cap-view-default) .elementor-drop-cap{margin-top:8px}.elementor-widget-text-editor:not(.elementor-drop-cap-view-default) .elementor-drop-cap-letter{width:1em;height:1em}.elementor-widget-text-editor .elementor-drop-cap{float:left;text-align:center;line-height:1;font-size:50px}.elementor-widget-text-editor .elementor-drop-cap-letter{display:inline-block}<\/style>\t\t\t\t<div class=\"title-box mb-50 wow fadeInLeft\" style=\"visibility: visible; animation-delay: 0.5s; animation-name: fadeInLeft;\" data-wow-delay=\".5s\">\n\n<span class=\"section-sub-title no-border\">Pavtech<\/span>\n<h3 class=\"section-title mt-10\">Dal 1998<\/h3>\n<\/div>\n<div>\nPAVTECH pavimenti e rivestimenti nasce dopo decenni di esperienza nella posa in opera di pavimenti e rivestimenti, con l\u2019intenzione di selezionare una gamma di prodotti che sappiano dare una qualificata risposta alle continue problematiche relative alla durata nel tempo del prodotto stesso.\n<\/div>\t\t\t\t\t\t<\/div>\n\t\t\t\t<\/div>\n\t\t\t\t\t<\/div>\n\t\t\t\t<\/div>\n\t\t<div class=\"elementor-element elementor-element-f7fd70d e-con-full e-flex e-con e-parent\" data-id=\"f7fd70d\" data-element_type=\"container\">\n\t\t\t\t<div class=\"elementor-element elementor-element-bb811d9 elementor-widget elementor-widget-about_progress_bar\" data-id=\"bb811d9\" data-element_type=\"widget\" data-widget_type=\"about_progress_bar.default\">\n\t\t\t\t<div class=\"elementor-widget-container\">\n\t\t\t\r\n\r\n\t <script>\r\n jQuery(document).ready(function($) {\r\n\r\n\/\/write js code under this line \r\n\r\n\r\n\r\n\/\/write code above the line \r\n\r\n  });\r\n<\/script>\r\n\r\n <!-- About us area start --> \r\n <section class=\"about-three-section section-space-top p-relative\">\r\n   <div class=\"bg-shape\" data-background=\"https:\/\/server4.keti-test.it\/pavtech\/wp-content\/uploads\/shape-43.png\"><\/div>\r\n   <div class=\"small-container\">\r\n      <div class=\"row\">\r\n         <div class=\"col-xxl-6 col-xl-6 col-lg-6\">\r\n            <div class=\"about-3-image-area p-relative\">\r\n               <div class=\"shape-1\" data-background=\"https:\/\/server4.keti-test.it\/pavtech\/wp-content\/uploads\/shape-42.png\"><\/div>\r\n               <figure class=\"image w-img pr-60\">\r\n\t\t\t      \r\n\t\t\t\t\t<img decoding=\"async\" src=\"https:\/\/server4.keti-test.it\/pavtech\/wp-content\/uploads\/pavtechi_chi_siamo.jpeg\" alt=\"\"\/>\r\n\t\t\t\t               <\/figure>\r\n            <\/div>\r\n         <\/div>\r\n         <div class=\"col-xxl-6 col-xl-6 col-lg-6\">\r\n            <div class=\"about-3-content-area p-relative pr-30 pt-20\">\r\n               <div class=\"title-box wow fadeInLeft mb-25\" data-wow-delay=\".5s\">\r\n                  <span class=\"section-sub-title no-border\">CHI SIAMO<\/span>\r\n                  <h3 class=\"section-title mt-10\">Leader nella posa in opera di pavimenti e rivestimenti<\/h3>\r\n               <\/div>\r\n               <p>Offriamo una vasta gamma di prodotti, di indiscussa qualit\u00e0, affidabilit\u00e0 e tecnologia  che sanno dare un' attenzione particolare in tema sostenibilit\u00e0, con un design d\u2019avanguardia per la vostra casa, il negozio, il centro benessere, la SPA, ecc.<\/p>\r\n               <div class=\"row pb-25 pt-15\">\r\n                  <div class=\"col-lg-6\">\r\n                     <ul class=\"about-3-list\">\r\n\t\t\t\t\t \t                        <li>Processi accurati<\/li>\r\n\t\t\t\t\t\t                        <li>100% Soddisfazione garantita<\/li>\r\n\t\t\t\t\t\t                     <\/ul>\r\n                  <\/div>\r\n                  <div class=\"col-lg-6\">\r\n                     <ul class=\"about-3-list\">\r\n\t\t\t\t\t \t                        <li>300+ di progetti realizzati<\/li>\r\n\t\t\t\t\t\t                        <li>Professionisti posatori<\/li>\r\n\t\t\t\t\t\t                     <\/ul>\r\n                  <\/div>\r\n               <\/div>\r\n\r\n\t\t\t                  <div class=\"about-3-progress-bar p-relative\">\r\n                  <h6>Qualit\u00e0 del servizio<\/h6>\t\t\t\t \r\n                  <div class=\"progress\">\r\n                     <div class=\"progress-bar wow slideInLeft\" data-wow-duration=\"1s\" data-wow-delay=\".3s\" role=\"progressbar\" data-width=\"100%\" aria-valuenow=\"25\" aria-valuemin=\"0\" aria-valuemax=\"100\" style=\"width: 100%; visibility: visible; animation-duration: 1s; animation-delay: 0.3s; animation-name: slideInLeft;\">\r\n                     <\/div>\r\n                  <\/div>\r\n                  <span class=\"progress-count\">100%<\/span>\t\t\t \r\n               <\/div>\r\n\t\t\t   \r\n\t\t\t                  <a class=\"primary-btn-1 btn-hover mt-50\" href=\"\/contatti\/\">\r\n\t\t\t   contattaci &nbsp; | <i class=\"icon-right-arrow\"><\/i>\r\n                  <span style=\"top: 147.172px; left: 108.5px;\"><\/span>\r\n               <\/a>\r\n\t\t\t   \r\n            <\/div>\r\n         <\/div>\r\n      <\/div>\r\n   <\/div>\r\n<\/section>\r\n <!-- About us area end --> \r\n\r\n\r\n\r\n\r\n\r\n\r\n\r\n\r\n\r\n             \r\n\t\t\t\t<\/div>\n\t\t\t\t<\/div>\n\t\t\t\t<\/div>\n\t\t<div class=\"elementor-element elementor-element-1f25f8a e-con-full e-flex e-con e-parent\" data-id=\"1f25f8a\" data-element_type=\"container\">\n\t\t\t\t<div class=\"elementor-element elementor-element-e367515 elementor-widget elementor-widget-counter_with_icon\" data-id=\"e367515\" data-element_type=\"widget\" data-widget_type=\"counter_with_icon.default\">\n\t\t\t\t<div class=\"elementor-widget-container\">\n\t\t\t\r\n\r\n\t <script>\r\n jQuery(document).ready(function($) {\r\n\r\n\/\/write js code under this line \r\n\r\n\r\n\/\/write code above the line \r\n\r\n  });\r\n<\/script>\r\n <!-- Icon box counter area start --> \r\n <section class=\"icon-box-counter-section section-space\">\r\n   <div class=\"small-container\">\r\n      <div class=\"row g-4\">\r\n\t  \t         <div class=\"col-xxl-3 col-xl-3 col-lg-6 col-md-6\">\r\n            <div class=\"icon-box-counter-area\">\r\n               <div class=\"icon-box\">\r\n                  <i class=\" icon-home-1\"><\/i>\r\n               <\/div>\r\n               <div class=\"content\">\r\n                  <h3><span class=\"counter\">300<\/span>+<\/h3>\r\n                  <span class=\"text-1\">Progetti realizzati<\/span>\r\n               <\/div>\r\n            <\/div>\r\n         <\/div>\r\n\t\t          <div class=\"col-xxl-3 col-xl-3 col-lg-6 col-md-6\">\r\n            <div class=\"icon-box-counter-area\">\r\n               <div class=\"icon-box\">\r\n                  <i class=\" icon-team\"><\/i>\r\n               <\/div>\r\n               <div class=\"content\">\r\n                  <h3><span class=\"counter\">50<\/span>+<\/h3>\r\n                  <span class=\"text-1\">Tecnici e collaboratori<\/span>\r\n               <\/div>\r\n            <\/div>\r\n         <\/div>\r\n\t\t          <div class=\"col-xxl-3 col-xl-3 col-lg-6 col-md-6\">\r\n            <div class=\"icon-box-counter-area\">\r\n               <div class=\"icon-box\">\r\n                  <i class=\" icon-prize-box\"><\/i>\r\n               <\/div>\r\n               <div class=\"content\">\r\n                  <h3><span class=\"counter\">3000<\/span>+<\/h3>\r\n                  <span class=\"text-1\">Prodotti venduti<\/span>\r\n               <\/div>\r\n            <\/div>\r\n         <\/div>\r\n\t\t          <div class=\"col-xxl-3 col-xl-3 col-lg-6 col-md-6\">\r\n            <div class=\"icon-box-counter-area\">\r\n               <div class=\"icon-box\">\r\n                  <i class=\" icon-team-1\"><\/i>\r\n               <\/div>\r\n               <div class=\"content\">\r\n                  <h3><span class=\"counter\">1000<\/span>+<\/h3>\r\n                  <span class=\"text-1\">Clienti soddisfatti<\/span>\r\n               <\/div>\r\n            <\/div>\r\n         <\/div>\r\n\t\t          <!-- block -->\r\n      <\/div>\r\n   <\/div>\r\n <\/section>\r\n <!-- Icon box counter area end --> \r\n \t\r\n\r\n             \r\n\t\t<\/div>\n\t\t\t\t<\/div>\n\t\t\t\t<\/div>\n\t\t<div class=\"elementor-element elementor-element-8e2a7d0 e-con-full e-flex e-con e-parent\" data-id=\"8e2a7d0\" data-element_type=\"container\">\n\t\t\t\t<div class=\"elementor-element elementor-element-e48a3ae elementor-widget elementor-widget-choose_us\" data-id=\"e48a3ae\" data-element_type=\"widget\" data-widget_type=\"choose_us.default\">\n\t\t\t\t<div class=\"elementor-widget-container\">\n\t\t\t\r\n\r\n\t <script>\r\n jQuery(document).ready(function($) {\r\n\r\n\/\/write js code under this line \r\n\r\n\r\n\r\n\/\/write code above the line \r\n\r\n  });\r\n<\/script>\r\n  <!-- Choose Three area start --> \r\n  <section class=\"choose-3-section p-relative section-space\" data-background=\"\">\r\n   <div class=\"shape-1\" data-background=\"\"><\/div>\r\n   <div class=\"small-container\">\r\n      <div class=\"row\">\r\n         <div class=\"col-xxl-6 col-xl-6 col-lg-6\">\r\n            <div class=\"choose-3-image-area p-relative\">\r\n               <div class=\"shape-1\" data-background=\"https:\/\/server4.keti-test.it\/pavtech\/wp-content\/uploads\/shape-29.png\"><\/div>\r\n               <figure class=\"image w-img pr-100\">\r\n\t\t\t      \r\n\t\t\t\t\t<img decoding=\"async\" src=\"https:\/\/server4.keti-test.it\/pavtech\/wp-content\/uploads\/pavtech-entrata-1.jpg\" alt=\"\"\/>\r\n\t\t\t\t               <\/figure>\r\n               <div class=\"image-3-area\">\r\n                  <div class=\"image-3 p-relative\">\r\n\t\t\t\t\t   \r\n\t\t\t\t\t\t<img decoding=\"async\" src=\"https:\/\/server4.keti-test.it\/pavtech\/wp-content\/uploads\/pavtech-vetrin-s.jpg\" alt=\"\"\/>\r\n\t\t\t\t\t                     <div class=\"play-btn\">\r\n                        <div class=\"video_player_btn\">\r\n                           <a href=\"\" class=\"popup-video\"><i class=\"icon-play\"><\/i><\/a>\r\n                       <\/div>\r\n                     <\/div>                                 \r\n                  <\/div>                 \r\n               <\/div>\r\n               <h1>PAVTECH<\/h1> \r\n            <\/div>\r\n         <\/div>\r\n         <div class=\"col-xxl-6 col-xl-6 col-lg-6\">\r\n            <div class=\"choose-3-content-area pl-60 pt-20 p-relative\">\r\n               <div class=\"title-box mb-25 wow fadeInLeft\" data-wow-delay=\".5s\">\r\n                  <span class=\"section-sub-title no-border\">perch\u00e8 pavtech<\/span>\r\n                  <h3 class=\"section-title mt-10\">Alcuni motivi per sceglierci<\/h3>\r\n               <\/div>\r\n               <p>Siamo nella continua ricerca di soluzioni affine a personalizzare i vostri ambienti valutando insieme a voi i migliori abbinamenti<\/p>\r\n               <div class=\"row g-4 pt-35\">\r\n\t\t\t   \t                  <div class=\"col-lg-6\">\r\n                     <div class=\"icon-box-area\">\r\n                        <div class=\"icon-box\">\r\n                           <i class=\" icon-prize-box\"><\/i>\r\n                        <\/div>\r\n                        <h5><a href=\"\">Qualit\u00e0 dei Materiali<\/a><\/h5>\r\n                     <\/div>\r\n                  <\/div>\r\n\t\t\t\t                    <div class=\"col-lg-6\">\r\n                     <div class=\"icon-box-area\">\r\n                        <div class=\"icon-box\">\r\n                           <i class=\" icon-engineer\"><\/i>\r\n                        <\/div>\r\n                        <h5><a href=\"\/wp\/wotech\/projects\/\">Esperti Posatori<\/a><\/h5>\r\n                     <\/div>\r\n                  <\/div>\r\n\t\t\t\t                    <div class=\"col-lg-6\">\r\n                     <div class=\"icon-box-area\">\r\n                        <div class=\"icon-box\">\r\n                           <i class=\" icon-help\"><\/i>\r\n                        <\/div>\r\n                        <h5><a href=\"\/wp\/wotech\/projects\/\">Supporto costante<\/a><\/h5>\r\n                     <\/div>\r\n                  <\/div>\r\n\t\t\t\t                    <div class=\"col-lg-6\">\r\n                     <div class=\"icon-box-area\">\r\n                        <div class=\"icon-box\">\r\n                           <i class=\" icon-prize\"><\/i>\r\n                        <\/div>\r\n                        <h5><a href=\"\/wp\/wotech\/projects\/\">26 anni di esperienza<\/a><\/h5>\r\n                     <\/div>\r\n                  <\/div>\r\n\t\t\t\t                 <\/div>\r\n            <\/div>\r\n         <\/div>\r\n      <\/div>\r\n   <\/div>\r\n <\/section>\r\n <!-- Choose Three area end --> \r\n\r\n\r\n             \r\n\t\t\t\t<\/div>\n\t\t\t\t<\/div>\n\t\t\t\t<\/div>\n\t\t<div class=\"elementor-element elementor-element-ca45ec0 e-con-full e-flex e-con e-parent\" data-id=\"ca45ec0\" data-element_type=\"container\">\n\t\t\t\t<div class=\"elementor-element elementor-element-5c9d4f3 elementor-widget elementor-widget-google_maps\" data-id=\"5c9d4f3\" data-element_type=\"widget\" data-widget_type=\"google_maps.default\">\n\t\t\t\t<div class=\"elementor-widget-container\">\n\t\t\t<style>\/*! elementor - v3.22.0 - 26-06-2024 *\/\n.elementor-widget-google_maps .elementor-widget-container{overflow:hidden}.elementor-widget-google_maps .elementor-custom-embed{line-height:0}.elementor-widget-google_maps iframe{height:300px}<\/style>\t\t<div class=\"elementor-custom-embed\">\n\t\t\t<iframe loading=\"lazy\"\n\t\t\t\t\tsrc=\"https:\/\/maps.google.com\/maps?q=Via%20Domenico%20Signori%2C%209%2025077%20Ro%C3%A8%20Volciano%20%28Brescia%29&#038;t=m&#038;z=10&#038;output=embed&#038;iwloc=near\"\n\t\t\t\t\ttitle=\"Via Domenico Signori, 9 25077 Ro\u00e8 Volciano (Brescia)\"\n\t\t\t\t\taria-label=\"Via Domenico Signori, 9 25077 Ro\u00e8 Volciano (Brescia)\"\n\t\t\t><\/iframe>\n\t\t<\/div>\n\t\t\t\t<\/div>\n\t\t\t\t<\/div>\n\t\t\t\t<\/div>\n\t\t\t\t<\/div>\n\t\t","protected":false},"excerpt":{"rendered":"<p>Pavtech Dal 1998 PAVTECH pavimenti e rivestimenti nasce dopo decenni di esperienza nella posa in opera di pavimenti e rivestimenti, con l\u2019intenzione di selezionare una gamma di prodotti che sappiano dare una qualificata risposta alle continue problematiche relative alla durata nel tempo del prodotto stesso. CHI SIAMO Leader nella posa in opera di pavimenti e [&hellip;]<\/p>\n","protected":false},"author":1,"featured_media":0,"parent":0,"menu_order":0,"comment_status":"closed","ping_status":"closed","template":"elementor_header_footer","meta":{"inline_featured_image":false,"footnotes":""},"class_list":["post-777","page","type-page","status-publish","hentry"],"_links":{"self":[{"href":"https:\/\/server4.keti-test.it\/pavtech\/wp-json\/wp\/v2\/pages\/777","targetHints":{"allow":["GET"]}}],"collection":[{"href":"https:\/\/server4.keti-test.it\/pavtech\/wp-json\/wp\/v2\/pages"}],"about":[{"href":"https:\/\/server4.keti-test.it\/pavtech\/wp-json\/wp\/v2\/types\/page"}],"author":[{"embeddable":true,"href":"https:\/\/server4.keti-test.it\/pavtech\/wp-json\/wp\/v2\/users\/1"}],"replies":[{"embeddable":true,"href":"https:\/\/server4.keti-test.it\/pavtech\/wp-json\/wp\/v2\/comments?post=777"}],"version-history":[{"count":95,"href":"https:\/\/server4.keti-test.it\/pavtech\/wp-json\/wp\/v2\/pages\/777\/revisions"}],"predecessor-version":[{"id":3529,"href":"https:\/\/server4.keti-test.it\/pavtech\/wp-json\/wp\/v2\/pages\/777\/revisions\/3529"}],"wp:attachment":[{"href":"https:\/\/server4.keti-test.it\/pavtech\/wp-json\/wp\/v2\/media?parent=777"}],"curies":[{"name":"wp","href":"https:\/\/api.w.org\/{rel}","templated":true}]}}