{"id":24,"date":"2024-12-27T13:33:53","date_gmt":"2024-12-27T13:33:53","guid":{"rendered":"https:\/\/server4.keti-test.it\/shservizi\/?page_id=24"},"modified":"2025-03-13T10:40:42","modified_gmt":"2025-03-13T10:40:42","slug":"contatti","status":"publish","type":"page","link":"https:\/\/server4.keti-test.it\/shservizi\/contatti\/","title":{"rendered":"Contatti"},"content":{"rendered":"\t\t<div data-elementor-type=\"wp-page\" data-elementor-id=\"24\" class=\"elementor elementor-24\" data-elementor-post-type=\"page\">\n\t\t\t\t<div class=\"elementor-element elementor-element-a0204b8 e-con-full e-flex e-con e-parent\" data-id=\"a0204b8\" data-element_type=\"container\">\n\t\t<div class=\"elementor-element elementor-element-752a6c4 e-flex e-con-boxed e-con e-child\" data-id=\"752a6c4\" data-element_type=\"container\">\n\t\t\t\t\t<div class=\"e-con-inner\">\n\t\t\t\t<div class=\"elementor-element elementor-element-1ba8f99 elementor-absolute elementor-widget elementor-widget-image\" data-id=\"1ba8f99\" data-element_type=\"widget\" data-settings=\"{&quot;_position&quot;:&quot;absolute&quot;}\" data-widget_type=\"image.default\">\n\t\t\t\t<div class=\"elementor-widget-container\">\n\t\t\t\t\t\t\t\t\t\t\t\t\t\t\t<img decoding=\"async\" width=\"154\" height=\"262\" src=\"https:\/\/server4.keti-test.it\/shservizi\/wp-content\/uploads\/2024\/12\/Risorsa-3@300x.png\" class=\"attachment-large size-large wp-image-63\" alt=\"\" \/>\t\t\t\t\t\t\t\t\t\t\t\t\t\t\t<\/div>\n\t\t\t\t<\/div>\n\t\t<div class=\"elementor-element elementor-element-f738033 e-con-full e-flex e-con e-child\" data-id=\"f738033\" data-element_type=\"container\">\n\t\t<div class=\"elementor-element elementor-element-75516f3 e-con-full e-flex e-con e-child\" data-id=\"75516f3\" data-element_type=\"container\" data-settings=\"{&quot;background_background&quot;:&quot;classic&quot;}\">\n\t\t\t\t<div class=\"elementor-element elementor-element-e1dfc8c elementor-icon-list--layout-inline elementor-align-center breadcrumbs elementor-widget__width-initial elementor-mobile-align-left elementor-list-item-link-full_width elementor-widget elementor-widget-icon-list\" data-id=\"e1dfc8c\" data-element_type=\"widget\" data-widget_type=\"icon-list.default\">\n\t\t\t\t<div class=\"elementor-widget-container\">\n\t\t\t\t\t\t\t<ul class=\"elementor-icon-list-items elementor-inline-items\">\n\t\t\t\t\t\t\t<li class=\"elementor-icon-list-item elementor-inline-item\">\n\t\t\t\t\t\t\t\t\t\t\t<a href=\"https:\/\/server4.keti-test.it\/shservizi\">\n\n\t\t\t\t\t\t\t\t\t\t\t<span class=\"elementor-icon-list-text\">Home<\/span>\n\t\t\t\t\t\t\t\t\t\t\t<\/a>\n\t\t\t\t\t\t\t\t\t<\/li>\n\t\t\t\t\t\t\t\t<li class=\"elementor-icon-list-item elementor-inline-item\">\n\t\t\t\t\t\t\t\t\t\t\t<span class=\"elementor-icon-list-icon\">\n\t\t\t\t\t\t\t<svg aria-hidden=\"true\" class=\"e-font-icon-svg e-fas-minus\" viewBox=\"0 0 448 512\" xmlns=\"http:\/\/www.w3.org\/2000\/svg\"><path d=\"M416 208H32c-17.67 0-32 14.33-32 32v32c0 17.67 14.33 32 32 32h384c17.67 0 32-14.33 32-32v-32c0-17.67-14.33-32-32-32z\"><\/path><\/svg>\t\t\t\t\t\t<\/span>\n\t\t\t\t\t\t\t\t\t\t<span class=\"elementor-icon-list-text\">Contatti<\/span>\n\t\t\t\t\t\t\t\t\t<\/li>\n\t\t\t\t\t\t<\/ul>\n\t\t\t\t\t\t<\/div>\n\t\t\t\t<\/div>\n\t\t\t\t<\/div>\n\t\t\t\t<div class=\"elementor-element elementor-element-a3d9f06 elementor-widget__width-initial elementor-widget elementor-widget-text-editor\" data-id=\"a3d9f06\" data-element_type=\"widget\" data-widget_type=\"text-editor.default\">\n\t\t\t\t<div class=\"elementor-widget-container\">\n\t\t\t\t\t\t\t\t\tContatti\t\t\t\t\t\t\t\t<\/div>\n\t\t\t\t<\/div>\n\t\t\t\t<div class=\"elementor-element elementor-element-c755bf0 elementor-widget__width-initial elementor-widget elementor-widget-text-editor\" data-id=\"c755bf0\" data-element_type=\"widget\" data-widget_type=\"text-editor.default\">\n\t\t\t\t<div class=\"elementor-widget-container\">\n\t\t\t\t\t\t\t\t\t<p>Non perderai le opportunit\u00e0, ma saprai come sfruttarle nel modo giusto. <br \/>Non sprecherai risorse, ma scoprirai come investirle nelle attivit\u00e0 pi\u00f9 redditizie. <br \/>Non avrai paura dei rischi, ma imparerai a conoscerli per superarli.<\/p>\t\t\t\t\t\t\t\t<\/div>\n\t\t\t\t<\/div>\n\t\t\t\t<div class=\"elementor-element elementor-element-d76af56 elementor-widget elementor-widget-button\" data-id=\"d76af56\" data-element_type=\"widget\" data-widget_type=\"button.default\">\n\t\t\t\t<div class=\"elementor-widget-container\">\n\t\t\t\t\t\t\t\t\t<div class=\"elementor-button-wrapper\">\n\t\t\t\t\t<a class=\"elementor-button elementor-button-link elementor-size-sm\" href=\"#Contattaci\">\n\t\t\t\t\t\t<span class=\"elementor-button-content-wrapper\">\n\t\t\t\t\t\t\t\t\t<span class=\"elementor-button-text\">CONTATTACI<\/span>\n\t\t\t\t\t<\/span>\n\t\t\t\t\t<\/a>\n\t\t\t\t<\/div>\n\t\t\t\t\t\t\t\t<\/div>\n\t\t\t\t<\/div>\n\t\t\t\t<div class=\"elementor-element elementor-element-f9abe3d elementor-absolute elementor-hidden-mobile elementor-widget elementor-widget-image\" data-id=\"f9abe3d\" data-element_type=\"widget\" data-settings=\"{&quot;_position&quot;:&quot;absolute&quot;}\" data-widget_type=\"image.default\">\n\t\t\t\t<div class=\"elementor-widget-container\">\n\t\t\t\t\t\t\t\t\t\t\t\t\t\t\t<img fetchpriority=\"high\" decoding=\"async\" width=\"512\" height=\"342\" src=\"https:\/\/server4.keti-test.it\/shservizi\/wp-content\/uploads\/2025\/01\/Soluzioni-sh-servizi.png\" class=\"attachment-full size-full wp-image-323\" alt=\"\" srcset=\"https:\/\/server4.keti-test.it\/shservizi\/wp-content\/uploads\/2025\/01\/Soluzioni-sh-servizi.png 512w, https:\/\/server4.keti-test.it\/shservizi\/wp-content\/uploads\/2025\/01\/Soluzioni-sh-servizi-300x200.png 300w\" sizes=\"(max-width: 512px) 100vw, 512px\" \/>\t\t\t\t\t\t\t\t\t\t\t\t\t\t\t<\/div>\n\t\t\t\t<\/div>\n\t\t\t\t<\/div>\n\t\t\t\t<div class=\"elementor-element elementor-element-5734eef elementor-absolute elementor-widget elementor-widget-image\" data-id=\"5734eef\" data-element_type=\"widget\" data-settings=\"{&quot;_position&quot;:&quot;absolute&quot;}\" data-widget_type=\"image.default\">\n\t\t\t\t<div class=\"elementor-widget-container\">\n\t\t\t\t\t\t\t\t\t\t\t\t\t\t\t<img decoding=\"async\" width=\"154\" height=\"262\" src=\"https:\/\/server4.keti-test.it\/shservizi\/wp-content\/uploads\/2025\/01\/Risorsa-3@300x.svg\" class=\"attachment-large size-large wp-image-322\" alt=\"\" \/>\t\t\t\t\t\t\t\t\t\t\t\t\t\t\t<\/div>\n\t\t\t\t<\/div>\n\t\t\t\t\t<\/div>\n\t\t\t\t<\/div>\n\t\t\t\t<\/div>\n\t\t<div class=\"elementor-element elementor-element-b427b77 e-flex e-con-boxed e-con e-parent\" data-id=\"b427b77\" data-element_type=\"container\">\n\t\t\t\t\t<div class=\"e-con-inner\">\n\t\t<div class=\"elementor-element elementor-element-493fd63 e-con-full e-flex e-con e-child\" data-id=\"493fd63\" data-element_type=\"container\">\n\t\t\t\t<div class=\"elementor-element elementor-element-2883784 elementor-position-top elementor-widget elementor-widget-image-box\" data-id=\"2883784\" data-element_type=\"widget\" data-widget_type=\"image-box.default\">\n\t\t\t\t<div class=\"elementor-widget-container\">\n\t\t\t\t\t<div class=\"elementor-image-box-wrapper\"><figure class=\"elementor-image-box-img\"><a href=\"tel:0427\/926173\" tabindex=\"-1\"><img loading=\"lazy\" decoding=\"async\" width=\"864\" height=\"864\" src=\"https:\/\/server4.keti-test.it\/shservizi\/wp-content\/uploads\/2025\/01\/Raggruppa-97.png\" class=\"attachment-full size-full wp-image-1388\" alt=\"\" srcset=\"https:\/\/server4.keti-test.it\/shservizi\/wp-content\/uploads\/2025\/01\/Raggruppa-97.png 864w, https:\/\/server4.keti-test.it\/shservizi\/wp-content\/uploads\/2025\/01\/Raggruppa-97-300x300.png 300w, https:\/\/server4.keti-test.it\/shservizi\/wp-content\/uploads\/2025\/01\/Raggruppa-97-150x150.png 150w, https:\/\/server4.keti-test.it\/shservizi\/wp-content\/uploads\/2025\/01\/Raggruppa-97-768x768.png 768w\" sizes=\"(max-width: 864px) 100vw, 864px\" \/><\/a><\/figure><div class=\"elementor-image-box-content\"><h3 class=\"elementor-image-box-title\"><a href=\"tel:0427\/926173\">Telefono<\/a><\/h3><p class=\"elementor-image-box-description\">0427\/926173<\/p><\/div><\/div>\t\t\t\t<\/div>\n\t\t\t\t<\/div>\n\t\t\t\t<\/div>\n\t\t<div class=\"elementor-element elementor-element-da999c4 e-con-full e-flex e-con e-child\" data-id=\"da999c4\" data-element_type=\"container\">\n\t\t\t\t<div class=\"elementor-element elementor-element-3536b92 elementor-position-top elementor-widget elementor-widget-image-box\" data-id=\"3536b92\" data-element_type=\"widget\" data-widget_type=\"image-box.default\">\n\t\t\t\t<div class=\"elementor-widget-container\">\n\t\t\t\t\t<div class=\"elementor-image-box-wrapper\"><figure class=\"elementor-image-box-img\"><a href=\"mailto:info@shservizi.it\" tabindex=\"-1\"><img loading=\"lazy\" decoding=\"async\" width=\"864\" height=\"864\" src=\"https:\/\/server4.keti-test.it\/shservizi\/wp-content\/uploads\/2025\/01\/Raggruppa-98.png\" class=\"attachment-full size-full wp-image-1389\" alt=\"\" srcset=\"https:\/\/server4.keti-test.it\/shservizi\/wp-content\/uploads\/2025\/01\/Raggruppa-98.png 864w, https:\/\/server4.keti-test.it\/shservizi\/wp-content\/uploads\/2025\/01\/Raggruppa-98-300x300.png 300w, https:\/\/server4.keti-test.it\/shservizi\/wp-content\/uploads\/2025\/01\/Raggruppa-98-150x150.png 150w, https:\/\/server4.keti-test.it\/shservizi\/wp-content\/uploads\/2025\/01\/Raggruppa-98-768x768.png 768w\" sizes=\"(max-width: 864px) 100vw, 864px\" \/><\/a><\/figure><div class=\"elementor-image-box-content\"><h3 class=\"elementor-image-box-title\"><a href=\"mailto:info@shservizi.it\">Email<\/a><\/h3><p class=\"elementor-image-box-description\">info@shservizi.it<\/p><\/div><\/div>\t\t\t\t<\/div>\n\t\t\t\t<\/div>\n\t\t\t\t<\/div>\n\t\t<div class=\"elementor-element elementor-element-f1c7f2c e-con-full e-flex e-con e-child\" data-id=\"f1c7f2c\" data-element_type=\"container\">\n\t\t\t\t<div class=\"elementor-element elementor-element-adc222e elementor-position-top elementor-widget elementor-widget-image-box\" data-id=\"adc222e\" data-element_type=\"widget\" data-widget_type=\"image-box.default\">\n\t\t\t\t<div class=\"elementor-widget-container\">\n\t\t\t\t\t<div class=\"elementor-image-box-wrapper\"><figure class=\"elementor-image-box-img\"><a href=\"https:\/\/maps.app.goo.gl\/bLGkQX6GkXgcZ9366\" tabindex=\"-1\"><img loading=\"lazy\" decoding=\"async\" width=\"864\" height=\"864\" src=\"https:\/\/server4.keti-test.it\/shservizi\/wp-content\/uploads\/2025\/01\/Raggruppa-99.png\" class=\"attachment-full size-full wp-image-1390\" alt=\"\" srcset=\"https:\/\/server4.keti-test.it\/shservizi\/wp-content\/uploads\/2025\/01\/Raggruppa-99.png 864w, https:\/\/server4.keti-test.it\/shservizi\/wp-content\/uploads\/2025\/01\/Raggruppa-99-300x300.png 300w, https:\/\/server4.keti-test.it\/shservizi\/wp-content\/uploads\/2025\/01\/Raggruppa-99-150x150.png 150w, https:\/\/server4.keti-test.it\/shservizi\/wp-content\/uploads\/2025\/01\/Raggruppa-99-768x768.png 768w\" sizes=\"(max-width: 864px) 100vw, 864px\" \/><\/a><\/figure><div class=\"elementor-image-box-content\"><h3 class=\"elementor-image-box-title\"><a href=\"https:\/\/maps.app.goo.gl\/bLGkQX6GkXgcZ9366\">Indirizzo<\/a><\/h3><p class=\"elementor-image-box-description\">Via Cinta di Sopra, 2\/A 33097 SPILIMBERGO (PN)<\/p><\/div><\/div>\t\t\t\t<\/div>\n\t\t\t\t<\/div>\n\t\t\t\t<\/div>\n\t\t\t\t\t<\/div>\n\t\t\t\t<\/div>\n\t\t<div class=\"elementor-element elementor-element-2fb2514 e-flex e-con-boxed e-con e-parent\" data-id=\"2fb2514\" data-element_type=\"container\">\n\t\t\t\t\t<div class=\"e-con-inner\">\n\t\t<div class=\"elementor-element elementor-element-66b31d4 e-con-full e-flex e-con e-child\" data-id=\"66b31d4\" data-element_type=\"container\">\n\t\t\t\t<div class=\"elementor-element elementor-element-250acbf elementor-widget elementor-widget-google_maps\" data-id=\"250acbf\" data-element_type=\"widget\" data-widget_type=\"google_maps.default\">\n\t\t\t\t<div class=\"elementor-widget-container\">\n\t\t\t\t\t\t\t<div class=\"elementor-custom-embed\">\n\t\t\t<iframe loading=\"lazy\"\n\t\t\t\t\tsrc=\"https:\/\/maps.google.com\/maps?q=Sh%20servizi%20Via%20Cinta%20di%20Sopra%2C%202%2FA%2033097%20SPILIMBERGO%20%28PN%29&#038;t=m&#038;z=15&#038;output=embed&#038;iwloc=near\"\n\t\t\t\t\ttitle=\"Sh servizi Via Cinta di Sopra, 2\/A 33097 SPILIMBERGO (PN)\"\n\t\t\t\t\taria-label=\"Sh servizi Via Cinta di Sopra, 2\/A 33097 SPILIMBERGO (PN)\"\n\t\t\t><\/iframe>\n\t\t<\/div>\n\t\t\t\t\t\t<\/div>\n\t\t\t\t<\/div>\n\t\t\t\t<\/div>\n\t\t<div class=\"elementor-element elementor-element-46a9621 e-con-full e-flex e-con e-child\" data-id=\"46a9621\" data-element_type=\"container\" id=\"Contattaci\" data-settings=\"{&quot;background_background&quot;:&quot;classic&quot;}\">\n\t\t\t\t<div class=\"elementor-element elementor-element-bfdb19d elementor-widget__width-initial elementor-button-align-start elementor-widget elementor-widget-form\" data-id=\"bfdb19d\" data-element_type=\"widget\" data-settings=\"{&quot;step_next_label&quot;:&quot;Next&quot;,&quot;step_previous_label&quot;:&quot;Previous&quot;,&quot;button_width&quot;:&quot;100&quot;,&quot;step_type&quot;:&quot;number_text&quot;,&quot;step_icon_shape&quot;:&quot;circle&quot;}\" data-widget_type=\"form.default\">\n\t\t\t\t<div class=\"elementor-widget-container\">\n\t\t\t\t\t\t\t<form class=\"elementor-form\" method=\"post\" name=\"New Form\">\n\t\t\t<input type=\"hidden\" name=\"post_id\" value=\"24\"\/>\n\t\t\t<input type=\"hidden\" name=\"form_id\" value=\"bfdb19d\"\/>\n\t\t\t<input type=\"hidden\" name=\"referer_title\" value=\"Contatti\" \/>\n\n\t\t\t\t\t\t\t<input type=\"hidden\" name=\"queried_id\" value=\"24\"\/>\n\t\t\t\n\t\t\t<div class=\"elementor-form-fields-wrapper elementor-labels-above\">\n\t\t\t\t\t\t\t\t<div class=\"elementor-field-type-text elementor-field-group elementor-column elementor-field-group-Nome elementor-col-50 elementor-field-required\">\n\t\t\t\t\t\t\t\t\t\t\t\t<label for=\"form-field-Nome\" class=\"elementor-field-label\">\n\t\t\t\t\t\t\t\tNome e cognome*\t\t\t\t\t\t\t<\/label>\n\t\t\t\t\t\t\t\t\t\t\t\t\t\t<input size=\"1\" type=\"text\" name=\"form_fields[Nome]\" id=\"form-field-Nome\" class=\"elementor-field elementor-size-sm  elementor-field-textual\" placeholder=\"Nome e cognome\" required=\"required\">\n\t\t\t\t\t\t\t\t\t\t\t<\/div>\n\t\t\t\t\t\t\t\t<div class=\"elementor-field-type-email elementor-field-group elementor-column elementor-field-group-email elementor-col-50 elementor-field-required\">\n\t\t\t\t\t\t\t\t\t\t\t\t<label for=\"form-field-email\" class=\"elementor-field-label\">\n\t\t\t\t\t\t\t\tEmail*\t\t\t\t\t\t\t<\/label>\n\t\t\t\t\t\t\t\t\t\t\t\t\t\t<input size=\"1\" type=\"email\" name=\"form_fields[email]\" id=\"form-field-email\" class=\"elementor-field elementor-size-sm  elementor-field-textual\" placeholder=\"Email\" required=\"required\">\n\t\t\t\t\t\t\t\t\t\t\t<\/div>\n\t\t\t\t\t\t\t\t<div class=\"elementor-field-type-tel elementor-field-group elementor-column elementor-field-group-field_5beee77 elementor-col-100 elementor-field-required\">\n\t\t\t\t\t\t\t\t\t\t\t\t<label for=\"form-field-field_5beee77\" class=\"elementor-field-label\">\n\t\t\t\t\t\t\t\tTelefono*\t\t\t\t\t\t\t<\/label>\n\t\t\t\t\t\t\t\t<input size=\"1\" type=\"tel\" name=\"form_fields[field_5beee77]\" id=\"form-field-field_5beee77\" class=\"elementor-field elementor-size-sm  elementor-field-textual\" placeholder=\"Telefono\" required=\"required\" pattern=\"[0-9()#&amp;+*-=.]+\" title=\"Sono accettati solo numeri e caratteri telefonici (#, -, *, ecc.).\">\n\n\t\t\t\t\t\t<\/div>\n\t\t\t\t\t\t\t\t<div class=\"elementor-field-type-textarea elementor-field-group elementor-column elementor-field-group-message elementor-col-100 elementor-field-required\">\n\t\t\t\t\t\t\t\t\t\t\t\t<label for=\"form-field-message\" class=\"elementor-field-label\">\n\t\t\t\t\t\t\t\tMessaggio*\t\t\t\t\t\t\t<\/label>\n\t\t\t\t\t\t<textarea class=\"elementor-field-textual elementor-field  elementor-size-sm\" name=\"form_fields[message]\" id=\"form-field-message\" rows=\"4\" placeholder=\"Messaggio\" required=\"required\"><\/textarea>\t\t\t\t<\/div>\n\t\t\t\t\t\t\t\t<div class=\"elementor-field-type-acceptance elementor-field-group elementor-column elementor-field-group-field_66734e8 elementor-col-100 elementor-field-required\">\n\t\t\t\t\t\t\t\t\t\t\t\t<label for=\"form-field-field_66734e8\" class=\"elementor-field-label\">\n\t\t\t\t\t\t\t\tAccettazione*\t\t\t\t\t\t\t<\/label>\n\t\t\t\t\t\t\t\t<div class=\"elementor-field-subgroup\">\n\t\t\t<span class=\"elementor-field-option\">\n\t\t\t\t<input type=\"checkbox\" name=\"form_fields[field_66734e8]\" id=\"form-field-field_66734e8\" class=\"elementor-field elementor-size-sm  elementor-acceptance-field\" required=\"required\">\n\t\t\t\t<label for=\"form-field-field_66734e8\">Accetto tutti<a href=\"https:\/\/www.shservizi.it\/privacy-policy\/\">\n<font color=\"#7C7C7C\"> <b> tutti i termini e le condizioni.<\/font><\/a><\/b><\/label>\t\t\t<\/span>\n\t\t<\/div>\n\t\t\t\t\t\t<\/div>\n\t\t\t\t\t\t\t\t<div class=\"elementor-field-group elementor-column elementor-field-type-submit elementor-col-100 e-form__buttons\">\n\t\t\t\t\t<button class=\"elementor-button elementor-size-sm\" type=\"submit\">\n\t\t\t\t\t\t<span class=\"elementor-button-content-wrapper\">\n\t\t\t\t\t\t\t\t\t\t\t\t\t\t\t\t\t\t\t\t\t\t<span class=\"elementor-button-text\">INVIA ORA IL MESSAGGIO<\/span>\n\t\t\t\t\t\t\t\t\t\t\t\t\t<\/span>\n\t\t\t\t\t<\/button>\n\t\t\t\t<\/div>\n\t\t\t<\/div>\n\t\t<\/form>\n\t\t\t\t\t\t<\/div>\n\t\t\t\t<\/div>\n\t\t\t\t<\/div>\n\t\t\t\t\t<\/div>\n\t\t\t\t<\/div>\n\t\t\t\t<\/div>\n\t\t","protected":false},"excerpt":{"rendered":"<p>Home Contatti Non perderai le opportunit\u00e0, ma saprai come sfruttarle nel modo giusto. Non sprecherai risorse, ma scoprirai come investirle nelle attivit\u00e0 pi\u00f9 redditizie. Non avrai paura dei rischi, ma imparerai a conoscerli per superarli. CONTATTACI Telefono 0427\/926173 Email info@shservizi.it Indirizzo Via Cinta di Sopra, 2\/A 33097 SPILIMBERGO (PN)<\/p>\n","protected":false},"author":1,"featured_media":0,"parent":0,"menu_order":0,"comment_status":"closed","ping_status":"closed","template":"elementor_header_footer","meta":{"_themeisle_gutenberg_block_has_review":false,"footnotes":""},"class_list":["post-24","page","type-page","status-publish","hentry"],"_links":{"self":[{"href":"https:\/\/server4.keti-test.it\/shservizi\/wp-json\/wp\/v2\/pages\/24","targetHints":{"allow":["GET"]}}],"collection":[{"href":"https:\/\/server4.keti-test.it\/shservizi\/wp-json\/wp\/v2\/pages"}],"about":[{"href":"https:\/\/server4.keti-test.it\/shservizi\/wp-json\/wp\/v2\/types\/page"}],"author":[{"embeddable":true,"href":"https:\/\/server4.keti-test.it\/shservizi\/wp-json\/wp\/v2\/users\/1"}],"replies":[{"embeddable":true,"href":"https:\/\/server4.keti-test.it\/shservizi\/wp-json\/wp\/v2\/comments?post=24"}],"version-history":[{"count":83,"href":"https:\/\/server4.keti-test.it\/shservizi\/wp-json\/wp\/v2\/pages\/24\/revisions"}],"predecessor-version":[{"id":2363,"href":"https:\/\/server4.keti-test.it\/shservizi\/wp-json\/wp\/v2\/pages\/24\/revisions\/2363"}],"wp:attachment":[{"href":"https:\/\/server4.keti-test.it\/shservizi\/wp-json\/wp\/v2\/media?parent=24"}],"curies":[{"name":"wp","href":"https:\/\/api.w.org\/{rel}","templated":true}]}}