{"id":1063,"date":"2025-05-02T10:37:08","date_gmt":"2025-05-02T10:37:08","guid":{"rendered":"https:\/\/server4.keti-test.it\/siat\/?page_id=1063"},"modified":"2025-05-22T14:12:32","modified_gmt":"2025-05-22T14:12:32","slug":"stampaggio-particolari-metallici","status":"publish","type":"page","link":"https:\/\/server4.keti-test.it\/siat\/stampaggio-particolari-metallici\/","title":{"rendered":"Stampaggio"},"content":{"rendered":"\t\t<div data-elementor-type=\"wp-post\" data-elementor-id=\"1063\" class=\"elementor elementor-1063\" data-elementor-post-type=\"page\">\n\t\t\t\t<div class=\"elementor-element elementor-element-920e189 e-flex e-con-boxed e-con e-parent\" data-id=\"920e189\" data-element_type=\"container\" data-settings=\"{&quot;background_background&quot;:&quot;classic&quot;}\">\n\t\t\t\t\t<div class=\"e-con-inner\">\n\t\t\t\t<div class=\"elementor-element elementor-element-0da3bfc elementor-icon-list--layout-inline breadcrumbs elementor-list-item-link-full_width elementor-widget elementor-widget-icon-list\" data-id=\"0da3bfc\" data-element_type=\"widget\" data-widget_type=\"icon-list.default\">\n\t\t\t\t<div class=\"elementor-widget-container\">\n\t\t\t\t\t\t\t<ul class=\"elementor-icon-list-items elementor-inline-items\">\n\t\t\t\t\t\t\t<li class=\"elementor-icon-list-item elementor-inline-item\">\n\t\t\t\t\t\t\t\t\t\t\t<a href=\"https:\/\/server4.keti-test.it\/siat\">\n\n\t\t\t\t\t\t\t\t\t\t\t<span class=\"elementor-icon-list-text\">Home<\/span>\n\t\t\t\t\t\t\t\t\t\t\t<\/a>\n\t\t\t\t\t\t\t\t\t<\/li>\n\t\t\t\t\t\t\t\t<li class=\"elementor-icon-list-item elementor-inline-item\">\n\t\t\t\t\t\t\t\t\t\t\t<span class=\"elementor-icon-list-icon\">\n\t\t\t\t\t\t\t<svg aria-hidden=\"true\" class=\"e-font-icon-svg e-fas-slash\" viewBox=\"0 0 640 512\" xmlns=\"http:\/\/www.w3.org\/2000\/svg\"><path d=\"M594.53 508.63L6.18 53.9c-6.97-5.42-8.23-15.47-2.81-22.45L23.01 6.18C28.43-.8 38.49-2.06 45.47 3.37L633.82 458.1c6.97 5.42 8.23 15.47 2.81 22.45l-19.64 25.27c-5.42 6.98-15.48 8.23-22.46 2.81z\"><\/path><\/svg>\t\t\t\t\t\t<\/span>\n\t\t\t\t\t\t\t\t\t\t<span class=\"elementor-icon-list-text\">Stampaggio<\/span>\n\t\t\t\t\t\t\t\t\t<\/li>\n\t\t\t\t\t\t<\/ul>\n\t\t\t\t\t\t<\/div>\n\t\t\t\t<\/div>\n\t\t\t\t<div class=\"elementor-element elementor-element-ad4fae6 elementor-widget__width-initial elementor-widget elementor-widget-heading\" data-id=\"ad4fae6\" data-element_type=\"widget\" data-widget_type=\"heading.default\">\n\t\t\t\t<div class=\"elementor-widget-container\">\n\t\t\t\t\t<h2 class=\"elementor-heading-title elementor-size-default\">Stampaggio<\/h2>\t\t\t\t<\/div>\n\t\t\t\t<\/div>\n\t\t\t\t\t<\/div>\n\t\t\t\t<\/div>\n\t\t<div class=\"elementor-element elementor-element-c78c5a1 e-flex e-con-boxed e-con e-parent\" data-id=\"c78c5a1\" data-element_type=\"container\">\n\t\t\t\t\t<div class=\"e-con-inner\">\n\t\t\t\t<div class=\"elementor-element elementor-element-009e6cf elementor-widget elementor-widget-heading\" data-id=\"009e6cf\" data-element_type=\"widget\" data-widget_type=\"heading.default\">\n\t\t\t\t<div class=\"elementor-widget-container\">\n\t\t\t\t\t<h2 class=\"elementor-heading-title elementor-size-default\">STAMPAGGIO<\/h2>\t\t\t\t<\/div>\n\t\t\t\t<\/div>\n\t\t\t\t<div class=\"elementor-element elementor-element-4db2451 elementor-widget__width-initial elementor-widget elementor-widget-text-editor\" data-id=\"4db2451\" data-element_type=\"widget\" data-widget_type=\"text-editor.default\">\n\t\t\t\t<div class=\"elementor-widget-container\">\n\t\t\t\t\t\t\t\t\t<p>SIAT esegue lavorazioni di stampaggio su particolari metallici, impiegando presse meccaniche ed oleodinamiche di varia\u00a0 tonnellatura tonnellaggio. L\u2019alta specializzazione tecnica e il supporto di stampi progettati e realizzati internamente garantiscono precisione, costanza produttiva e massima affidabilit\u00e0. Il reparto \u00e8 attrezzato per rispondere a richieste diversificate, dalle grandi serie ai lotti pi\u00f9 contenuti.<\/p>\t\t\t\t\t\t\t\t<\/div>\n\t\t\t\t<\/div>\n\t\t\t\t\t<\/div>\n\t\t\t\t<\/div>\n\t\t<div class=\"elementor-element elementor-element-b676a36 e-flex e-con-boxed e-con e-parent\" data-id=\"b676a36\" data-element_type=\"container\">\n\t\t\t\t\t<div class=\"e-con-inner\">\n\t\t<div class=\"elementor-element elementor-element-70146b4 e-con-full e-flex e-con e-child\" data-id=\"70146b4\" data-element_type=\"container\">\n\t\t\t\t<div class=\"elementor-element elementor-element-1a09d7b elementor-widget elementor-widget-image\" data-id=\"1a09d7b\" data-element_type=\"widget\" data-widget_type=\"image.default\">\n\t\t\t\t<div class=\"elementor-widget-container\">\n\t\t\t\t\t\t\t\t\t\t\t\t\t\t\t<img fetchpriority=\"high\" decoding=\"async\" width=\"800\" height=\"478\" src=\"https:\/\/server4.keti-test.it\/siat\/wp-content\/uploads\/2025\/05\/Stampaggio-di-particolari-metallici.png\" class=\"attachment-large size-large wp-image-1154\" alt=\"\" srcset=\"https:\/\/server4.keti-test.it\/siat\/wp-content\/uploads\/2025\/05\/Stampaggio-di-particolari-metallici.png 888w, https:\/\/server4.keti-test.it\/siat\/wp-content\/uploads\/2025\/05\/Stampaggio-di-particolari-metallici-300x179.png 300w, https:\/\/server4.keti-test.it\/siat\/wp-content\/uploads\/2025\/05\/Stampaggio-di-particolari-metallici-768x459.png 768w\" sizes=\"(max-width: 800px) 100vw, 800px\" \/>\t\t\t\t\t\t\t\t\t\t\t\t\t\t\t<\/div>\n\t\t\t\t<\/div>\n\t\t\t\t<\/div>\n\t\t<div class=\"elementor-element elementor-element-090b8ec e-con-full e-flex e-con e-child\" data-id=\"090b8ec\" data-element_type=\"container\">\n\t\t\t\t<div class=\"elementor-element elementor-element-f217e5c elementor-widget elementor-widget-heading\" data-id=\"f217e5c\" data-element_type=\"widget\" data-widget_type=\"heading.default\">\n\t\t\t\t<div class=\"elementor-widget-container\">\n\t\t\t\t\t<h2 class=\"elementor-heading-title elementor-size-default\">Stampaggio di particolari metallici<\/h2>\t\t\t\t<\/div>\n\t\t\t\t<\/div>\n\t\t\t\t<div class=\"elementor-element elementor-element-e34bffb elementor-widget__width-initial elementor-widget elementor-widget-text-editor\" data-id=\"e34bffb\" data-element_type=\"widget\" data-widget_type=\"text-editor.default\">\n\t\t\t\t<div class=\"elementor-widget-container\">\n\t\t\t\t\t\t\t\t\t<p>Il processo di stampaggio consente la produzione rapida e precisa di componenti metallici tramite deformazione plastica della lamiera. Grazie all\u2019utilizzo di presse automatizzate e stampi ad alte prestazioni, SIAT realizza particolari complessi e ripetibili, assicurando finiture accurate e conformit\u00e0 dimensionale costante lungo tutta la produzione.<\/p>\t\t\t\t\t\t\t\t<\/div>\n\t\t\t\t<\/div>\n\t\t\t\t<\/div>\n\t\t\t\t\t<\/div>\n\t\t\t\t<\/div>\n\t\t\t\t<\/div>\n\t\t","protected":false},"excerpt":{"rendered":"<p>Il reparto stampaggio particolari metallici di SIAT utilizza presse meccaniche e oleodinamiche con stampi progettati internamente, garantendo precisione e affidabilit\u00e0.<\/p>\n","protected":false},"author":1,"featured_media":1608,"parent":0,"menu_order":0,"comment_status":"closed","ping_status":"closed","template":"","meta":{"footnotes":""},"class_list":["post-1063","page","type-page","status-publish","has-post-thumbnail","hentry"],"yoast_head":"<!-- This site is optimized with the Yoast SEO plugin v25.1 - https:\/\/yoast.com\/wordpress\/plugins\/seo\/ -->\n<title>Stampaggio - Stampaggio particolari metallici<\/title>\n<meta name=\"description\" content=\"SIAT realizza stampaggio di particolari metallici con presse automatizzate e stampi interni, per produzioni precise e ripetibili.\" \/>\n<meta name=\"robots\" content=\"index, follow, max-snippet:-1, max-image-preview:large, max-video-preview:-1\" \/>\n<link rel=\"canonical\" href=\"https:\/\/server4.keti-test.it\/siat\/stampaggio-particolari-metallici\/\" \/>\n<meta property=\"og:locale\" content=\"it_IT\" \/>\n<meta property=\"og:type\" content=\"article\" \/>\n<meta property=\"og:title\" content=\"Stampaggio - Stampaggio particolari metallici\" \/>\n<meta property=\"og:description\" content=\"SIAT realizza stampaggio di particolari metallici con presse automatizzate e stampi interni, per produzioni precise e ripetibili.\" \/>\n<meta property=\"og:url\" content=\"https:\/\/server4.keti-test.it\/siat\/stampaggio-particolari-metallici\/\" \/>\n<meta property=\"og:site_name\" content=\"Siat\" \/>\n<meta property=\"article:modified_time\" content=\"2025-05-22T14:12:32+00:00\" \/>\n<meta property=\"og:image\" content=\"https:\/\/server4.keti-test.it\/siat\/wp-content\/uploads\/2025\/05\/Stampaggio.webp\" \/>\n\t<meta property=\"og:image:width\" content=\"845\" \/>\n\t<meta property=\"og:image:height\" content=\"435\" \/>\n\t<meta property=\"og:image:type\" content=\"image\/webp\" \/>\n<meta name=\"twitter:card\" content=\"summary_large_image\" \/>\n<meta name=\"twitter:label1\" content=\"Tempo di lettura stimato\" \/>\n\t<meta name=\"twitter:data1\" content=\"1 minuto\" \/>\n<script type=\"application\/ld+json\" class=\"yoast-schema-graph\">{\"@context\":\"https:\/\/schema.org\",\"@graph\":[{\"@type\":\"WebPage\",\"@id\":\"https:\/\/server4.keti-test.it\/siat\/stampaggio-particolari-metallici\/\",\"url\":\"https:\/\/server4.keti-test.it\/siat\/stampaggio-particolari-metallici\/\",\"name\":\"Stampaggio - Stampaggio particolari metallici\",\"isPartOf\":{\"@id\":\"https:\/\/server4.keti-test.it\/siat\/#website\"},\"primaryImageOfPage\":{\"@id\":\"https:\/\/server4.keti-test.it\/siat\/stampaggio-particolari-metallici\/#primaryimage\"},\"image\":{\"@id\":\"https:\/\/server4.keti-test.it\/siat\/stampaggio-particolari-metallici\/#primaryimage\"},\"thumbnailUrl\":\"https:\/\/server4.keti-test.it\/siat\/wp-content\/uploads\/2025\/05\/Stampaggio.webp\",\"datePublished\":\"2025-05-02T10:37:08+00:00\",\"dateModified\":\"2025-05-22T14:12:32+00:00\",\"description\":\"SIAT realizza stampaggio di particolari metallici con presse automatizzate e stampi interni, per produzioni precise e ripetibili.\",\"breadcrumb\":{\"@id\":\"https:\/\/server4.keti-test.it\/siat\/stampaggio-particolari-metallici\/#breadcrumb\"},\"inLanguage\":\"it-IT\",\"potentialAction\":[{\"@type\":\"ReadAction\",\"target\":[\"https:\/\/server4.keti-test.it\/siat\/stampaggio-particolari-metallici\/\"]}]},{\"@type\":\"ImageObject\",\"inLanguage\":\"it-IT\",\"@id\":\"https:\/\/server4.keti-test.it\/siat\/stampaggio-particolari-metallici\/#primaryimage\",\"url\":\"https:\/\/server4.keti-test.it\/siat\/wp-content\/uploads\/2025\/05\/Stampaggio.webp\",\"contentUrl\":\"https:\/\/server4.keti-test.it\/siat\/wp-content\/uploads\/2025\/05\/Stampaggio.webp\",\"width\":845,\"height\":435},{\"@type\":\"BreadcrumbList\",\"@id\":\"https:\/\/server4.keti-test.it\/siat\/stampaggio-particolari-metallici\/#breadcrumb\",\"itemListElement\":[{\"@type\":\"ListItem\",\"position\":1,\"name\":\"Home\",\"item\":\"https:\/\/server4.keti-test.it\/siat\/\"},{\"@type\":\"ListItem\",\"position\":2,\"name\":\"Stampaggio\"}]},{\"@type\":\"WebSite\",\"@id\":\"https:\/\/server4.keti-test.it\/siat\/#website\",\"url\":\"https:\/\/server4.keti-test.it\/siat\/\",\"name\":\"Siat S.R.L.\",\"description\":\"\",\"potentialAction\":[{\"@type\":\"SearchAction\",\"target\":{\"@type\":\"EntryPoint\",\"urlTemplate\":\"https:\/\/server4.keti-test.it\/siat\/?s={search_term_string}\"},\"query-input\":{\"@type\":\"PropertyValueSpecification\",\"valueRequired\":true,\"valueName\":\"search_term_string\"}}],\"inLanguage\":\"it-IT\"}]}<\/script>\n<!-- \/ Yoast SEO plugin. -->","yoast_head_json":{"title":"Stampaggio - Stampaggio particolari metallici","description":"SIAT realizza stampaggio di particolari metallici con presse automatizzate e stampi interni, per produzioni precise e ripetibili.","robots":{"index":"index","follow":"follow","max-snippet":"max-snippet:-1","max-image-preview":"max-image-preview:large","max-video-preview":"max-video-preview:-1"},"canonical":"https:\/\/server4.keti-test.it\/siat\/stampaggio-particolari-metallici\/","og_locale":"it_IT","og_type":"article","og_title":"Stampaggio - Stampaggio particolari metallici","og_description":"SIAT realizza stampaggio di particolari metallici con presse automatizzate e stampi interni, per produzioni precise e ripetibili.","og_url":"https:\/\/server4.keti-test.it\/siat\/stampaggio-particolari-metallici\/","og_site_name":"Siat","article_modified_time":"2025-05-22T14:12:32+00:00","og_image":[{"width":845,"height":435,"url":"https:\/\/server4.keti-test.it\/siat\/wp-content\/uploads\/2025\/05\/Stampaggio.webp","type":"image\/webp"}],"twitter_card":"summary_large_image","twitter_misc":{"Tempo di lettura stimato":"1 minuto"},"schema":{"@context":"https:\/\/schema.org","@graph":[{"@type":"WebPage","@id":"https:\/\/server4.keti-test.it\/siat\/stampaggio-particolari-metallici\/","url":"https:\/\/server4.keti-test.it\/siat\/stampaggio-particolari-metallici\/","name":"Stampaggio - Stampaggio particolari metallici","isPartOf":{"@id":"https:\/\/server4.keti-test.it\/siat\/#website"},"primaryImageOfPage":{"@id":"https:\/\/server4.keti-test.it\/siat\/stampaggio-particolari-metallici\/#primaryimage"},"image":{"@id":"https:\/\/server4.keti-test.it\/siat\/stampaggio-particolari-metallici\/#primaryimage"},"thumbnailUrl":"https:\/\/server4.keti-test.it\/siat\/wp-content\/uploads\/2025\/05\/Stampaggio.webp","datePublished":"2025-05-02T10:37:08+00:00","dateModified":"2025-05-22T14:12:32+00:00","description":"SIAT realizza stampaggio di particolari metallici con presse automatizzate e stampi interni, per produzioni precise e ripetibili.","breadcrumb":{"@id":"https:\/\/server4.keti-test.it\/siat\/stampaggio-particolari-metallici\/#breadcrumb"},"inLanguage":"it-IT","potentialAction":[{"@type":"ReadAction","target":["https:\/\/server4.keti-test.it\/siat\/stampaggio-particolari-metallici\/"]}]},{"@type":"ImageObject","inLanguage":"it-IT","@id":"https:\/\/server4.keti-test.it\/siat\/stampaggio-particolari-metallici\/#primaryimage","url":"https:\/\/server4.keti-test.it\/siat\/wp-content\/uploads\/2025\/05\/Stampaggio.webp","contentUrl":"https:\/\/server4.keti-test.it\/siat\/wp-content\/uploads\/2025\/05\/Stampaggio.webp","width":845,"height":435},{"@type":"BreadcrumbList","@id":"https:\/\/server4.keti-test.it\/siat\/stampaggio-particolari-metallici\/#breadcrumb","itemListElement":[{"@type":"ListItem","position":1,"name":"Home","item":"https:\/\/server4.keti-test.it\/siat\/"},{"@type":"ListItem","position":2,"name":"Stampaggio"}]},{"@type":"WebSite","@id":"https:\/\/server4.keti-test.it\/siat\/#website","url":"https:\/\/server4.keti-test.it\/siat\/","name":"Siat S.R.L.","description":"","potentialAction":[{"@type":"SearchAction","target":{"@type":"EntryPoint","urlTemplate":"https:\/\/server4.keti-test.it\/siat\/?s={search_term_string}"},"query-input":{"@type":"PropertyValueSpecification","valueRequired":true,"valueName":"search_term_string"}}],"inLanguage":"it-IT"}]}},"_links":{"self":[{"href":"https:\/\/server4.keti-test.it\/siat\/wp-json\/wp\/v2\/pages\/1063","targetHints":{"allow":["GET"]}}],"collection":[{"href":"https:\/\/server4.keti-test.it\/siat\/wp-json\/wp\/v2\/pages"}],"about":[{"href":"https:\/\/server4.keti-test.it\/siat\/wp-json\/wp\/v2\/types\/page"}],"author":[{"embeddable":true,"href":"https:\/\/server4.keti-test.it\/siat\/wp-json\/wp\/v2\/users\/1"}],"replies":[{"embeddable":true,"href":"https:\/\/server4.keti-test.it\/siat\/wp-json\/wp\/v2\/comments?post=1063"}],"version-history":[{"count":20,"href":"https:\/\/server4.keti-test.it\/siat\/wp-json\/wp\/v2\/pages\/1063\/revisions"}],"predecessor-version":[{"id":1696,"href":"https:\/\/server4.keti-test.it\/siat\/wp-json\/wp\/v2\/pages\/1063\/revisions\/1696"}],"wp:featuredmedia":[{"embeddable":true,"href":"https:\/\/server4.keti-test.it\/siat\/wp-json\/wp\/v2\/media\/1608"}],"wp:attachment":[{"href":"https:\/\/server4.keti-test.it\/siat\/wp-json\/wp\/v2\/media?parent=1063"}],"curies":[{"name":"wp","href":"https:\/\/api.w.org\/{rel}","templated":true}]}}